{"id":512,"date":"2023-04-12T08:59:09","date_gmt":"2023-04-12T08:59:09","guid":{"rendered":"http:\/\/localhost\/mrittik\/?page_id=512"},"modified":"2024-07-11T22:51:24","modified_gmt":"2024-07-11T19:51:24","slug":"contacts","status":"publish","type":"page","link":"https:\/\/biggroupcy.com\/ru\/contacts\/","title":{"rendered":"Contacts"},"content":{"rendered":"<div data-elementor-type=\"wp-page\" data-elementor-id=\"512\" class=\"elementor elementor-512\">\n\t\t\t\t        <section class=\"elementor-section elementor-top-section elementor-element elementor-element-e5d5d77 elementor-section-full_width pxl-section-has-bg f2-pri elementor-section-height-default elementor-section-height-default pxl-section-offset-none pxl-row-scroll-none pxl-show-grid-none pxl-section-bg-none pxl-section-grid-bg-false\" data-id=\"e5d5d77\" data-element_type=\"section\" id=\"pxl-getcolor-header\">\n\n                \n                <div class=\"elementor-container elementor-column-gap-default\">\n                <div class=\"elementor-column elementor-col-100 elementor-top-column elementor-element elementor-element-9516fc3 pxl-column-none\" data-id=\"9516fc3\" data-element_type=\"column\">    \r\n        <div class=\"elementor-widget-wrap elementor-element-populated\">\r\n                             \r\n        \t\t<div class=\"elementor-element elementor-element-89fe72c pxl-widget-google-maps pxl-pointer-none elementor-widget elementor-widget-google_maps\" data-id=\"89fe72c\" data-element_type=\"widget\" data-widget_type=\"google_maps.default\">\n\t\t\t\t<div class=\"elementor-widget-container\">\n\t\t\t<style>\/*! elementor - v3.22.0 - 26-06-2024 *\/\n.elementor-widget-google_maps .elementor-widget-container{overflow:hidden}.elementor-widget-google_maps .elementor-custom-embed{line-height:0}.elementor-widget-google_maps iframe{height:300px}<\/style>\t\t<div class=\"elementor-custom-embed\">\n\t\t\t<iframe loading=\"lazy\"\n\t\t\t\t\tsrc=\"https:\/\/maps.google.com\/maps?q=North%20Estate&#038;t=m&#038;z=14&#038;output=embed&#038;iwloc=near\"\n\t\t\t\t\ttitle=\"\u0421\u0435\u0432\u0435\u0440\u043d\u043e\u0435 \u043f\u043e\u043c\u0435\u0441\u0442\u044c\u0435\"\n\t\t\t\t\taria-label=\"\u0421\u0435\u0432\u0435\u0440\u043d\u043e\u0435 \u043f\u043e\u043c\u0435\u0441\u0442\u044c\u0435\"\n\t\t\t><\/iframe>\n\t\t<\/div>\n\t\t\t\t<\/div>\n\t\t\t\t<\/div>\n\t\t            <\/div>\r\n        <\/div>\r\n        \t\t\t<\/div>\n\t\t<\/section>\n\t\t        <section class=\"elementor-section elementor-top-section elementor-element elementor-element-7bbd1df pxl-bg-fou-six elementor-section-boxed elementor-section-height-default elementor-section-height-default pxl-row-scroll-none pxl-show-grid-none pxl-section-bg-none pxl-section-grid-bg-false\" data-id=\"7bbd1df\" data-element_type=\"section\">\n\n                \n                <div class=\"elementor-container elementor-column-gap-default\">\n                <div class=\"elementor-column elementor-col-50 elementor-top-column elementor-element elementor-element-adce161 pxl-column-none\" data-id=\"adce161\" data-element_type=\"column\">    \r\n        <div class=\"elementor-widget-wrap elementor-element-populated\">\r\n                             \r\n        \t\t<div class=\"elementor-element elementor-element-592c7a6 elementor-widget elementor-widget-pxl_heading\" data-id=\"592c7a6\" data-element_type=\"widget\" data-widget_type=\"pxl_heading.default\">\n\t\t\t\t<div class=\"elementor-widget-container\">\n\t\t\t<div class=\"pxl-heading\">\n\t<div class=\"pxl-heading--inner\">\n\t\t\t\t<h2 class=\"pxl-item--title style1 divider-none pxl-split-text split-in-left\" data-wow-delay=\"ms\" data-wow-duration=\"1.2s\">\n\t\t\t\u0421\u0432\u044f\u0437\u0430\u0442\u044c\u0441\u044f \u0441 \u043d\u0430\u043c\u0438\t\t\t\t\t<\/h2>\n\t<\/div>\n<\/div>\n\t\t<\/div>\n\t\t\t\t<\/div>\n\t\t\t\t<div class=\"elementor-element elementor-element-8503a78 elementor-widget elementor-widget-pxl_text_editor\" data-id=\"8503a78\" data-element_type=\"widget\" data-widget_type=\"pxl_text_editor.default\">\n\t\t\t\t<div class=\"elementor-widget-container\">\n\t\t\t<div class=\"pxl-text-editor\" data-wow-delay=\"ms\" data-wow-duration=\"1.2s\">\n\t<div class=\"pxl-item--inner\">\n\t\t<p>\u0414\u043e\u0441\u0442\u0443\u043f\u043d\u043e\u0441\u0442\u044c \u0434\u043b\u044f \u043d\u0430\u0448\u0438\u0445 \u043a\u043b\u0438\u0435\u043d\u0442\u043e\u0432, \u043a\u0430\u043a \u0441\u0435\u043c\u044c\u0438 Big Group, \u0431\u044b\u043b\u0430 \u043e\u0434\u043d\u043e\u0439 \u0438\u0437 \u043d\u0430\u0448\u0438\u0445 \u0441\u0430\u043c\u044b\u0445 \u0432\u0430\u0436\u043d\u044b\u0445 \u0446\u0435\u043d\u043d\u043e\u0441\u0442\u0435\u0439 \u0441\u043e \u0434\u043d\u044f \u043d\u0430\u0448\u0435\u0433\u043e \u043e\u0441\u043d\u043e\u0432\u0430\u043d\u0438\u044f. \u0412\u044b \u043c\u043e\u0436\u0435\u0442\u0435 \u0441\u0432\u044f\u0437\u0430\u0442\u044c\u0441\u044f \u0441 \u043d\u0430\u043c\u0438 \u0432 \u043b\u044e\u0431\u043e\u0435 \u0432\u0440\u0435\u043c\u044f, \u0447\u0442\u043e\u0431\u044b \u0432\u044b\u0441\u043a\u0430\u0437\u0430\u0442\u044c \u0441\u0432\u043e\u0438 \u043f\u043e\u0436\u0435\u043b\u0430\u043d\u0438\u044f, \u0437\u0430\u043f\u0440\u043e\u0441\u044b \u0438 \u043f\u0440\u0435\u0434\u043b\u043e\u0436\u0435\u043d\u0438\u044f \u0438 \u043f\u043e\u0434\u0435\u043b\u0438\u0442\u044c\u0441\u044f \u0441 \u043d\u0430\u043c\u0438 \u0441\u0432\u043e\u0438\u043c\u0438 \u0446\u0435\u043d\u043d\u044b\u043c\u0438 \u043c\u044b\u0441\u043b\u044f\u043c\u0438.<\/p>\t<\/div>\n<\/div>\n\t\t<\/div>\n\t\t\t\t<\/div>\n\t\t            <\/div>\r\n        <\/div>\r\n                <div class=\"elementor-column elementor-col-50 elementor-top-column elementor-element elementor-element-1c2fee4 pxl-column-none\" data-id=\"1c2fee4\" data-element_type=\"column\">    \r\n        <div class=\"elementor-widget-wrap elementor-element-populated\">\r\n                             \r\n        \t\t<div class=\"elementor-element elementor-element-581f2c5 elementor-widget elementor-widget-pxl_contact_form\" data-id=\"581f2c5\" data-element_type=\"widget\" data-widget_type=\"pxl_contact_form.default\">\n\t\t\t\t<div class=\"elementor-widget-container\">\n\t\t\t    <div class=\"pxl-contact-form pxl-contact-form1 style2\" data-wow-delay=\"ms\" data-wow-duration=\"1.2s\">\r\n        \n<div class=\"wpcf7 no-js\" id=\"wpcf7-f715-o1\" lang=\"en-US\" dir=\"ltr\">\n<div class=\"screen-reader-response\"><p role=\"status\" aria-live=\"polite\" aria-atomic=\"true\"><\/p> <ul><\/ul><\/div>\n<form action=\"\/ru\/wp-json\/wp\/v2\/pages\/512#wpcf7-f715-o1\" method=\"post\" class=\"wpcf7-form init\" aria-label=\"Contact form\" novalidate=\"novalidate\" data-status=\"init\" data-trp-original-action=\"\/ru\/wp-json\/wp\/v2\/pages\/512#wpcf7-f715-o1\">\n<div style=\"display: none;\">\n<input type=\"hidden\" name=\"_wpcf7\" value=\"715\" \/>\n<input type=\"hidden\" name=\"_wpcf7_version\" value=\"5.9.5\" \/>\n<input type=\"hidden\" name=\"_wpcf7_locale\" value=\"en_US\" \/>\n<input type=\"hidden\" name=\"_wpcf7_unit_tag\" value=\"wpcf7-f715-o1\" \/>\n<input type=\"hidden\" name=\"_wpcf7_container_post\" value=\"0\" \/>\n<input type=\"hidden\" name=\"_wpcf7_posted_data_hash\" value=\"\" \/>\n<\/div>\n<div class=\"wp-row-ctf7 contact-form-custom1\">\n\t<div class=\"row input-contact\">\n\t\t<div class=\"col-12\">\n\t\t\t<div class=\"input-filled\">\n\t\t\t\t<p><span class=\"wpcf7-form-control-wrap\" data-name=\"your-name\"><input size=\"40\" class=\"wpcf7-form-control wpcf7-text wpcf7-validates-as-required\" id=\"namefield\" aria-required=\"true\" aria-invalid=\"false\" placeholder=\"\u0412\u0410\u0428\u0415 \u0418\u041c\u042f - \u0412\u0410\u0428\u0410 \u0424\u0410\u041c\u0418\u041b\u0418\u042f\" value=\"\" type=\"text\" name=\"your-name\" \/><\/span>\n\t\t\t\t<\/p>\n\t\t\t<\/div>\n\t\t<\/div>\n\t\t<div class=\"col-12\">\n\t\t\t<div class=\"input-filled\">\n\t\t\t\t<p><span class=\"wpcf7-form-control-wrap\" data-name=\"your-phone\"><input class=\"wpcf7-form-control wpcf7-number wpcf7-validates-as-required wpcf7-validates-as-number\" id=\"phonefield\" aria-required=\"true\" aria-invalid=\"false\" placeholder=\"\u0412\u0410\u0428 \u041d\u041e\u041c\u0415\u0420 \u0422\u0415\u041b\u0415\u0424\u041e\u041d\u0410\" value=\"\" type=\"number\" name=\"your-phone\" \/><\/span>\n\t\t\t\t<\/p>\n\t\t\t<\/div>\n\t\t<\/div>\n\t\t<div class=\"col-12\">\n\t\t\t<div class=\"input-filled\">\n\t\t\t\t<p><span class=\"wpcf7-form-control-wrap\" data-name=\"your-email\"><input size=\"40\" class=\"wpcf7-form-control wpcf7-email wpcf7-validates-as-required wpcf7-text wpcf7-validates-as-email\" id=\"mailfield\" aria-required=\"true\" aria-invalid=\"false\" placeholder=\"\u0412\u0410\u0428 \u042d\u041b\u0415\u041a\u0422\u0420\u041e\u041d\u041d\u042b\u0419 \u0410\u0414\u0420\u0415\u0421\" value=\"\" type=\"email\" name=\"your-email\" \/><\/span>\n\t\t\t\t<\/p>\n\t\t\t<\/div>\n\t\t<\/div>\n\t<\/div>\n\t<div class=\"row input-contact large\">\n\t\t<div class=\"col-12\">\n\t\t\t<div class=\"input-filled\">\n\t\t\t\t<p><span class=\"wpcf7-form-control-wrap\" data-name=\"your-message\"><textarea cols=\"40\" rows=\"10\" class=\"wpcf7-form-control wpcf7-textarea wpcf7-validates-as-required\" id=\"messagefield\" aria-required=\"true\" aria-invalid=\"false\" placeholder=\"\u0412\u0410\u0428\u0415 \u0421\u041e\u041e\u0411\u0429\u0415\u041d\u0418\u0415\" name=\"your-message\"><\/textarea><\/span>\n\t\t\t\t<\/p>\n\t\t\t<\/div>\n\t\t<\/div>\n\t<\/div>\n\t<div class=\"row button-contact\">\n\t\t<div class=\"col-12\">\n\t\t\t<div class=\"btn-form\">\n\t\t\t\t<p><button type=\"submit\" class=\"wpcf7-submit btn btn-default\"><br \/>\n<span class=\"pxl-wobble\" data-animation=\"pxl-xspin\">\u041e\u0422\u041f\u0420\u0410\u0412\u041b\u042f\u0422\u042c<\/span><br \/>\n<\/button>\n\t\t\t\t<\/p>\n\t\t\t<\/div>\n\t\t<\/div>\n\t<\/div>\n<\/div><div class=\"wpcf7-response-output\" aria-hidden=\"true\"><\/div>\n<input type=\"hidden\" name=\"trp-form-language\" value=\"ru\"\/><\/form>\n<\/div>\n    <\/div>\r\n\t\t<\/div>\n\t\t\t\t<\/div>\n\t\t            <\/div>\r\n        <\/div>\r\n        \t\t\t<\/div>\n\t\t<\/section>\n\t\t\t\t<\/div>","protected":false},"excerpt":{"rendered":"<p>Bizimle ileti\u015fime ge\u00e7in Big Group ailesi olarak kuruldu\u011fumuz g\u00fcnden bu yana m\u00fc\u015fterilerimize ula\u015f\u0131labilir olmak en \u00f6nem verdi\u011fimiz de\u011ferlerimizden birisi olmu\u015ftur. Dilek, istek ve \u00f6nerileriniz i\u00e7in bize istedi\u011finiz zaman ula\u015fabilir ve de\u011ferli d\u00fc\u015f\u00fcncelerinizi bizimle payla\u015fabilirsiniz. SEND MAIL<\/p>","protected":false},"author":1,"featured_media":0,"parent":0,"menu_order":0,"comment_status":"closed","ping_status":"closed","template":"","meta":{"_monsterinsights_skip_tracking":false,"_monsterinsights_sitenote_active":false,"_monsterinsights_sitenote_note":"","_monsterinsights_sitenote_category":0,"_joinchat":[],"footnotes":""},"class_list":["post-512","page","type-page","status-publish","hentry"],"aioseo_notices":[],"_links":{"self":[{"href":"https:\/\/biggroupcy.com\/ru\/wp-json\/wp\/v2\/pages\/512"}],"collection":[{"href":"https:\/\/biggroupcy.com\/ru\/wp-json\/wp\/v2\/pages"}],"about":[{"href":"https:\/\/biggroupcy.com\/ru\/wp-json\/wp\/v2\/types\/page"}],"author":[{"embeddable":true,"href":"https:\/\/biggroupcy.com\/ru\/wp-json\/wp\/v2\/users\/1"}],"replies":[{"embeddable":true,"href":"https:\/\/biggroupcy.com\/ru\/wp-json\/wp\/v2\/comments?post=512"}],"version-history":[{"count":6,"href":"https:\/\/biggroupcy.com\/ru\/wp-json\/wp\/v2\/pages\/512\/revisions"}],"predecessor-version":[{"id":9312,"href":"https:\/\/biggroupcy.com\/ru\/wp-json\/wp\/v2\/pages\/512\/revisions\/9312"}],"wp:attachment":[{"href":"https:\/\/biggroupcy.com\/ru\/wp-json\/wp\/v2\/media?parent=512"}],"curies":[{"name":"wp","href":"https:\/\/api.w.org\/{rel}","templated":true}]}}